{"id":30,"date":"2020-05-05T23:33:00","date_gmt":"2020-05-05T23:33:00","guid":{"rendered":"http:\/\/de.kordofan.de\/?page_id=30"},"modified":"2023-10-20T16:59:05","modified_gmt":"2023-10-20T16:59:05","slug":"impressum","status":"publish","type":"page","link":"http:\/\/de.kordofan.de\/?page_id=30","title":{"rendered":"Impressum"},"content":{"rendered":"\n<p><strong>F\u00fcr:<\/strong> Kordofan-Projekt der Universit\u00e4t M\u00fcnster<\/p>\n\n\n\n<p>Gem\u00e4\u00df \u00a7 28 BDSG widersprechen wir jeder kommerziellen Verwendung und Weitergabe unserer Daten.<\/p>\n\n\n\n<p><strong>Verantwortungsbereich:<\/strong>&nbsp;Das Impressum gilt nur f\u00fcr die Internetpr\u00e4senz unter den Adressen: www.kordofan.de; www.kordofan.net; www.kordofan.org<\/p>\n\n\n\n<p><strong>Abgrenzung:<\/strong>&nbsp;Die \nWeb-Pr\u00e4senz ist Teil des WWW und dementsprechend mit fremden, sich \njederzeit wandeln k\u00f6nnenden Web-Sites verkn\u00fcpft, die folglich auch nicht\n diesem Verantwortungsbereich unterliegen und f\u00fcr die nachfolgende \nInformationen nicht gelten. Dass die Links weder gegen Sitten noch \nGesetze versto\u00dfen, wurde genau einmal gepr\u00fcft: bevor sie hier \naufgenommen wurden. Solche Links, die zu fremden Webprojekten f\u00fchren, \nerkennen Sie daran: es geht ein neues Browserfenster auf.<\/p>\n\n\n\n<p><strong>Verantwortliche Ansprechpersonen:<\/strong> Jana Eger-Karberg, Tim Karberg<\/p>\n\n\n\n<p><strong>elektronische Postadresse:<\/strong> interlinkproject@uni-muenster.de<\/p>\n\n\n\n<p><strong>Journalistisch-redaktionelle Verantwortung (V.i.S.d.P.):<\/strong> Jana Eger-Karberg, Tim Karberg<\/p>\n\n\n\n<p><strong>Gestaltung und Realisation:<\/strong> Tim Karberg<\/p>\n\n\n\n<p><strong>Keine Haftung:<\/strong>&nbsp;Wir sind\n um Richtigkeit und Aktualit\u00e4t der auf dieser Internetpr\u00e4senz \nbereitgestellten Informationen bem\u00fcht. Trotzdem k\u00f6nnen Fehler und \nUnklarheiten nicht vollst\u00e4ndig ausgeschlossen werden. Wir \u00fcbernehmen \ndaher keinerlei Gew\u00e4hr f\u00fcr die Aktualit\u00e4t, Korrektheit, Vollst\u00e4ndigkeit \noder Qualit\u00e4t der bereitgestellten Informationen.<\/p>\n\n\n\n<p>F\u00fcr Sch\u00e4den materieller oder \nimmaterieller Art, die durch die Nutzung oder Nichtnutzung der \ndargebotenen Informationen bzw. durch die Nutzung fehlerhafter und \nunvollst\u00e4ndiger Informationen unmittelbar oder mittelbar verursacht \nwerden, haften wir nicht, sofern uns nicht nachweislich vors\u00e4tzliches \noder grob fahrl\u00e4ssiges Verschulden zur Last f\u00e4llt. Gleiches gilt f\u00fcr \nkostenlos zum Download bereitgehaltene Software.<\/p>\n\n\n\n<p>Alle Angebote sind freibleibend und \nunverbindlich. Wir behalten es sich ausdr\u00fccklich vor, Teile des \nInternetangebotes oder das gesamte Angebot ohne gesonderte Ank\u00fcndigung \nzu ver\u00e4ndern, zu erg\u00e4nzen, zu l\u00f6schen oder die Ver\u00f6ffentlichung \nzeitweise oder endg\u00fcltig einzustellen.<\/p>\n\n\n\n<p><strong>Schutzrechtsverletzung:<\/strong>&nbsp;Falls\n Sie vermuten, dass von dieser Website aus eines Ihrer Schutzrechte \nverletzt wird, teilen Sie das bitte umgehend per email mit, damit z\u00fcgig \nAbhilfe geschafft werden kann. Bitte nehmen Sie zur Kenntnis: Die \nzeitaufwendigere Einschaltung eines Anwaltes zur f\u00fcr den Diensteanbieter\n kostenpflichtigen Abmahnung entspricht nicht dessen wirklichen oder \nmutma\u00dflichen Willen.<\/p>\n","protected":false},"excerpt":{"rendered":"<p>F\u00fcr: Kordofan-Projekt der Universit\u00e4t M\u00fcnster Gem\u00e4\u00df \u00a7 28 BDSG widersprechen wir jeder kommerziellen Verwendung und Weitergabe unserer Daten. Verantwortungsbereich:&nbsp;Das Impressum gilt nur f\u00fcr die Internetpr\u00e4senz unter den Adressen: www.kordofan.de; www.kordofan.net; www.kordofan.org Abgrenzung:&nbsp;Die Web-Pr\u00e4senz ist Teil des WWW und dementsprechend mit &hellip; <a href=\"http:\/\/de.kordofan.de\/?page_id=30\">Weiterlesen <span class=\"meta-nav\">&rarr;<\/span><\/a><\/p>\n","protected":false},"author":1,"featured_media":0,"parent":0,"menu_order":0,"comment_status":"closed","ping_status":"closed","template":"","meta":{"footnotes":""},"class_list":["post-30","page","type-page","status-publish","hentry"],"_links":{"self":[{"href":"http:\/\/de.kordofan.de\/index.php?rest_route=\/wp\/v2\/pages\/30","targetHints":{"allow":["GET"]}}],"collection":[{"href":"http:\/\/de.kordofan.de\/index.php?rest_route=\/wp\/v2\/pages"}],"about":[{"href":"http:\/\/de.kordofan.de\/index.php?rest_route=\/wp\/v2\/types\/page"}],"author":[{"embeddable":true,"href":"http:\/\/de.kordofan.de\/index.php?rest_route=\/wp\/v2\/users\/1"}],"replies":[{"embeddable":true,"href":"http:\/\/de.kordofan.de\/index.php?rest_route=%2Fwp%2Fv2%2Fcomments&post=30"}],"version-history":[{"count":7,"href":"http:\/\/de.kordofan.de\/index.php?rest_route=\/wp\/v2\/pages\/30\/revisions"}],"predecessor-version":[{"id":216,"href":"http:\/\/de.kordofan.de\/index.php?rest_route=\/wp\/v2\/pages\/30\/revisions\/216"}],"wp:attachment":[{"href":"http:\/\/de.kordofan.de\/index.php?rest_route=%2Fwp%2Fv2%2Fmedia&parent=30"}],"curies":[{"name":"wp","href":"https:\/\/api.w.org\/{rel}","templated":true}]}}