{"id":56,"date":"2020-05-08T17:53:58","date_gmt":"2020-05-08T17:53:58","guid":{"rendered":"http:\/\/de.kordofan.de\/?page_id=56"},"modified":"2023-10-20T17:05:06","modified_gmt":"2023-10-20T17:05:06","slug":"institutions-and-partners","status":"publish","type":"page","link":"http:\/\/de.kordofan.de\/?page_id=56","title":{"rendered":"Institutions and Partners"},"content":{"rendered":"\n<p><a href=\"http:\/\/archeo.amu.edu.pl\/english.htm\" target=\"_blank\" rel=\"noreferrer noopener\">Adam Mickiewicz University &#8211; Faculty of Archaeology<\/a><\/p>\n\n\n\n<p><a href=\"http:\/\/www.khartum.diplo.de\/\" target=\"_blank\" rel=\"noreferrer noopener\">Deutsche Botschaft Khartum<\/a><\/p>\n\n\n\n<p><a href=\"https:\/\/arachne.dainst.org\/project\/hinkel?lang=de\" target=\"_blank\" rel=\"noreferrer noopener\">Deutsches Arch\u00e4ologisches Institut &#8211; Friedrich-Hinkel-Archiv<\/a><\/p>\n\n\n\n<p><a href=\"https:\/\/www.dlr.de\/content\/en\/missions\/terrasar-x.html\" target=\"_blank\" rel=\"noreferrer noopener\">Deutsches Zentrum f\u00fcr Luft- und Raumfahrt &#8211; German Aerospace Center<\/a><\/p>\n\n\n\n<p><a href=\"http:\/\/www.goethe.de\/ins\/su\/kha\/deindex.htm\" target=\"_blank\" rel=\"noreferrer noopener\">Goethe-Institut Sudan<\/a><\/p>\n\n\n\n<p><a href=\"https:\/\/www.archaeologie.hu-berlin.de\/de\/aknoa\/archaeologie-und-kulturgeschichte-nordostafrikas\" target=\"_blank\" rel=\"noreferrer noopener\">Humboldt-Universit\u00e4t zu Berlin &#8211; Arch\u00e4ologie und Kulturgeschichte Nordostafrikas<\/a> <\/p>\n\n\n\n<p><a href=\"http:\/\/gmsudan.com\/20110408\/the-national-corporation-for-antiquities-museums-ncam\/\" target=\"_blank\" rel=\"noreferrer noopener\">National Corporation of Antiquities and Museums, Sudan<\/a><\/p>\n\n\n\n<p><a href=\"https:\/\/pcma.uw.edu.pl\/en\/centre-in-cairo\/\" target=\"_blank\" rel=\"noreferrer noopener\">Polish Centre of Mediterranean Archaeology<\/a><\/p>\n\n\n\n<p><a href=\"https:\/\/www.rug.nl\/staff\/r.t.j.cappers\/\" target=\"_blank\" rel=\"noreferrer noopener\">University of Groningen\u00a0\u2013 Archaobotanics<\/a><\/p>\n\n\n\n<p><a href=\"https:\/\/www.uofk.edu\/\" target=\"_blank\" rel=\"noreferrer noopener\">University of Khartoum &#8211; Department of Archaeology<\/a><\/p>\n\n\n\n<p><a href=\"https:\/\/www.sag-online.de\/\" target=\"_blank\" rel=\"noreferrer noopener\">Sudanarch\u00e4ologische Gesellschaft zu Berlin e.V.<\/a><\/p>\n\n\n\n<p><a href=\"http:\/\/www.uni-muenster.de\/AsiaMinor\/\" target=\"_blank\" rel=\"noreferrer noopener\">Westf\u00e4lische Wilhelms-Universit\u00e4t M\u00fcnster &#8211; Forschungsstelle Asia Minor <\/a> <\/p>\n\n\n\n<p><a href=\"http:\/\/www.uni-muenster.de\/Geoinformatics\/\" target=\"_blank\" rel=\"noreferrer noopener\">Westf\u00e4lische Wilhelms-Universit\u00e4t M\u00fcnster &#8211; Institut f\u00fcr Geoinformatik<\/a> <\/p>\n\n\n\n<p><a href=\"http:\/\/www.uni-muenster.de\/ArchaeologieDiagonal\/\" target=\"_blank\" rel=\"noreferrer noopener\">Westf\u00e4lische Wilhelms-Universit\u00e4t M\u00fcnster &#8211; Netzwerk \u201eArch\u00e4ologie Diagonal\u201c<\/a><\/p>\n","protected":false},"excerpt":{"rendered":"<p>Adam Mickiewicz University &#8211; Faculty of Archaeology Deutsche Botschaft Khartum Deutsches Arch\u00e4ologisches Institut &#8211; Friedrich-Hinkel-Archiv Deutsches Zentrum f\u00fcr Luft- und Raumfahrt &#8211; German Aerospace Center Goethe-Institut Sudan Humboldt-Universit\u00e4t zu Berlin &#8211; Arch\u00e4ologie und Kulturgeschichte Nordostafrikas National Corporation of Antiquities and &hellip; <a href=\"http:\/\/de.kordofan.de\/?page_id=56\">Weiterlesen <span class=\"meta-nav\">&rarr;<\/span><\/a><\/p>\n","protected":false},"author":1,"featured_media":0,"parent":0,"menu_order":0,"comment_status":"closed","ping_status":"closed","template":"","meta":{"footnotes":""},"class_list":["post-56","page","type-page","status-publish","hentry"],"_links":{"self":[{"href":"http:\/\/de.kordofan.de\/index.php?rest_route=\/wp\/v2\/pages\/56","targetHints":{"allow":["GET"]}}],"collection":[{"href":"http:\/\/de.kordofan.de\/index.php?rest_route=\/wp\/v2\/pages"}],"about":[{"href":"http:\/\/de.kordofan.de\/index.php?rest_route=\/wp\/v2\/types\/page"}],"author":[{"embeddable":true,"href":"http:\/\/de.kordofan.de\/index.php?rest_route=\/wp\/v2\/users\/1"}],"replies":[{"embeddable":true,"href":"http:\/\/de.kordofan.de\/index.php?rest_route=%2Fwp%2Fv2%2Fcomments&post=56"}],"version-history":[{"count":8,"href":"http:\/\/de.kordofan.de\/index.php?rest_route=\/wp\/v2\/pages\/56\/revisions"}],"predecessor-version":[{"id":220,"href":"http:\/\/de.kordofan.de\/index.php?rest_route=\/wp\/v2\/pages\/56\/revisions\/220"}],"wp:attachment":[{"href":"http:\/\/de.kordofan.de\/index.php?rest_route=%2Fwp%2Fv2%2Fmedia&parent=56"}],"curies":[{"name":"wp","href":"https:\/\/api.w.org\/{rel}","templated":true}]}}